{"id":88,"date":"2020-06-08T08:52:47","date_gmt":"2020-06-08T06:52:47","guid":{"rendered":"https:\/\/boligalarm.as\/?page_id=88"},"modified":"2021-05-18T11:40:43","modified_gmt":"2021-05-18T09:40:43","slug":"brannalarm","status":"publish","type":"page","link":"https:\/\/boligalarm.as\/index.php\/brannalarm\/","title":{"rendered":"Brannalarm"},"content":{"rendered":"<div id='full_slider_1'  class='avia-fullwidth-slider main_color avia-shadow   avia-builder-el-0  el_before_av_section  avia-builder-el-first   container_wrap fullsize' style=' '  ><div   data-size='featured'  data-lightbox_size='large'  data-animation='slide'  data-conditional_play=''  data-ids='98'  data-video_counter='0'  data-autoplay='false'  data-bg_slider='false'  data-slide_height=''  data-handle='av_slideshow_full'  data-interval='5'  data-class=' '  data-el_id=''  data-css_id=''  data-scroll_down=''  data-control_layout='av-control-default'  data-custom_markup=''  data-perma_caption=''  data-autoplay_stopper=''  data-image_attachment=''  data-min_height='0px'  data-src=''  data-position='top left'  data-repeat='no-repeat'  data-attach='scroll'  data-stretch=''  data-default-height='28.666666666667'  class='avia-slideshow avia-slideshow-1  av-control-default av-default-height-applied avia-slideshow-featured av_slideshow_full   avia-slide-slider '  itemprop=\"image\" itemscope=\"itemscope\" itemtype=\"https:\/\/schema.org\/ImageObject\" ><ul class='avia-slideshow-inner ' style='padding-bottom: 28.666666666667%;' ><li  class=' av-single-slide slide-1 ' ><div data-rel='slideshow-1' class='avia-slide-wrap '   ><img src='https:\/\/boligalarm.as\/wp-content\/uploads\/2020\/06\/dawn-armfield-28v9cq7ytNU-unsplash-1500x430.jpg' width='1500' height='430' title='dawn-armfield-28v9cq7ytNU-unsplash' alt='Stor brann som kunne v\u00e6rt unng\u00e5tt med brannalarm'  itemprop=\"thumbnailUrl\"   \/><\/div><\/li><\/ul><\/div><\/div>\n<div id='av_section_1'  class='avia-section main_color avia-section-default avia-no-border-styling  avia-bg-style-scroll  avia-builder-el-1  el_after_av_slideshow_full  el_before_av_section   container_wrap fullsize' style=' '  ><div class='container' ><div class='template-page content  av-content-full alpha units'><div class='post-entry post-entry-type-page post-entry-88'><div class='entry-content-wrapper clearfix'>\n<div class=\"flex_column av_three_fifth  flex_column_div av-zero-column-padding first  avia-builder-el-2  el_before_av_two_fifth  avia-builder-el-first  \" style='border-radius:0px; '><section class=\"av_textblock_section \"  itemscope=\"itemscope\" itemtype=\"https:\/\/schema.org\/CreativeWork\" ><div class='avia_textblock  '   itemprop=\"text\" ><div class=\"row-bg-wrap instance-0\">\n<div class=\"inner-wrap\">\n<div class=\"row-bg \" data-color_overlay=\"\" data-color_overlay_2=\"\" data-gradient_direction=\"\" data-overlay_strength=\"0.3\" data-enable_gradient=\"false\"><\/div>\n<\/div>\n<\/div>\n<div class=\"col span_12 dark left\">\n<div class=\"vc_col-sm-8 wpb_column column_container vc_column_container col padding-6-percent instance-0\" data-shadow=\"none\" data-border-animation=\"\" data-border-animation-delay=\"\" data-border-width=\"none\" data-border-style=\"solid\" data-border-color=\"\" data-bg-cover=\"\" data-padding-pos=\"right\" data-has-bg-color=\"false\" data-bg-color=\"\" data-bg-opacity=\"1\" data-hover-bg=\"\" data-hover-bg-opacity=\"1\" data-animation=\"\" data-delay=\"0\">\n<div class=\"vc_column-inner\">\n<div class=\"wpb_wrapper\">\n<div class=\"wpb_text_column wpb_content_element \">\n<div class=\"wpb_wrapper\">\n<h1>Brannalarm<\/h1>\n<p>Med brannvarslingsanlegg fra Verisure har du full kontroll over ditt hjem, selv n\u00e5r du ikke er tilstede.<\/p>\n<p>Ved utl\u00f8sing av alarm aktiveres kamera som sender bildeverifisering til alarmsentralen. Ved verifisering av r\u00f8ykutvikling eller brann vil n\u00e6rmerste vekter og brannstasjon bli alarmert.<\/p>\n<ul>\n<li>Snakker r\u00f8ykvarslerene dine sammen, om noe skjer i andre deler av huset?<\/li>\n<li>Hvem skal h\u00f8re alarmene, varsle hvis brann oppst\u00e5r og dere ikke er hjemme?<\/li>\n<li>Med Verisure blir det oppkoblet direkte mot v\u00e5r alarmstasjon om noe skulle skje.<\/li>\n<li>Ved ul\u00f8st alarm snakker og h\u00f8rer v\u00e5re operat\u00f8rer direkte i boligen via h\u00f8ytaler\/mikrofon.<\/li>\n<\/ul>\n<\/div>\n<\/div>\n<div id=\"fws_5eddeb572d62b\" class=\"wpb_row vc_row-fluid vc_row standard_section \" data-midnight=\"\" data-column-margin=\"default\" data-bg-mobile-hidden=\"\">\n<div class=\"row-bg-wrap\">\n<div class=\"row-bg \"><\/div>\n<\/div>\n<div class=\"col span_12 left\">\n<div class=\"vc_col-sm-4 wpb_column column_container vc_column_container col no-extra-padding instance-1\" data-border-animation=\"\" data-border-animation-delay=\"\" data-border-width=\"none\" data-border-style=\"solid\" data-border-color=\"\" data-bg-cover=\"\" data-padding-pos=\"all\" data-has-bg-color=\"false\" data-bg-color=\"\" data-bg-opacity=\"1\" data-hover-bg=\"\" data-hover-bg-opacity=\"1\" data-animation=\"\" data-delay=\"0\">\n<div class=\"vc_column-inner\">\n<div class=\"wpb_wrapper\">\n<div class=\"wpb_text_column wpb_content_element \">\n<div class=\"wpb_wrapper\"><\/div>\n<\/div>\n<\/div>\n<\/div>\n<\/div>\n<\/div>\n<\/div>\n<\/div>\n<\/div>\n<\/div>\n<\/div>\n<\/div><\/section><\/div><div class=\"flex_column av_two_fifth  flex_column_div av-zero-column-padding   avia-builder-el-4  el_after_av_three_fifth  avia-builder-el-last  \" style='border-radius:0px; '><div  class='avia-image-container  av-styling-    avia-builder-el-5  avia-builder-el-no-sibling  avia-align-center '  itemprop=\"image\" itemscope=\"itemscope\" itemtype=\"https:\/\/schema.org\/ImageObject\"  ><div class='avia-image-container-inner'><div class='avia-image-overlay-wrap'><img class='avia_image' src='https:\/\/boligalarm.as\/wp-content\/uploads\/2020\/05\/thumbnail_Verisure-R\u00f8ykdetektor-3.jpg' alt='R\u00f8ykdetektor fra Verisure' title='thumbnail_Verisure R\u00f8ykdetektor 3' height=\"210\" width=\"210\"  itemprop=\"thumbnailUrl\"  \/><\/div><\/div><\/div><\/div>\n\n<\/div><\/div><\/div><!-- close content main div --><\/div><\/div><div id='av_section_2'  class='avia-section main_color avia-section-default avia-no-border-styling  avia-bg-style-scroll  avia-builder-el-6  el_after_av_section  avia-builder-el-last   container_wrap fullsize' style=' '  ><div class='container' ><div class='template-page content  av-content-full alpha units'><div class='post-entry post-entry-type-page post-entry-88'><div class='entry-content-wrapper clearfix'>\n<div class=\"flex_column av_one_full  flex_column_div av-zero-column-padding first  avia-builder-el-7  avia-builder-el-no-sibling  \" style='border-radius:0px; '><section class=\"av_textblock_section \"  itemscope=\"itemscope\" itemtype=\"https:\/\/schema.org\/CreativeWork\" ><div class='avia_textblock  '   itemprop=\"text\" ><h2 style=\"text-align: center;\">\u00d8nsker dere befaring?<\/h2>\n<\/div><\/section><br \/>\n<div  class='avia-button-wrap avia-button-center  avia-builder-el-9  el_after_av_textblock  avia-builder-el-last ' ><a href='https:\/\/boligalarm.as\/index.php\/bestill-befaring\/'  class='avia-button   avia-icon_select-no avia-color-theme-color avia-size-x-large avia-position-center '   ><span class='avia_iconbox_title' >Kontakt oss<\/span><\/a><\/div><\/p><\/div>\n","protected":false},"excerpt":{"rendered":"","protected":false},"author":1,"featured_media":0,"parent":0,"menu_order":0,"comment_status":"closed","ping_status":"closed","template":"","meta":[],"yoast_head":"<!-- This site is optimized with the Yoast SEO plugin v17.1 - https:\/\/yoast.com\/wordpress\/plugins\/seo\/ -->\n<title>Brannalarm \u2013 R\u00f8ykvarsler med bildeverifisering - Boligalarm<\/title>\n<meta name=\"description\" content=\"Med brannvarslingsanlegg fra Verisure har du full kontroll over hjemmet, selv n\u00e5r du ikke er tilstede. Boligalarm s\u00f8rger for komplett brannvarslingssystem\" \/>\n<meta name=\"robots\" content=\"index, follow, max-snippet:-1, max-image-preview:large, max-video-preview:-1\" \/>\n<link rel=\"canonical\" href=\"https:\/\/boligalarm.as\/index.php\/brannalarm\/\" \/>\n<script type=\"application\/ld+json\" class=\"yoast-schema-graph\">{\"@context\":\"https:\/\/schema.org\",\"@graph\":[{\"@type\":\"Organization\",\"@id\":\"https:\/\/boligalarm.as\/#organization\",\"name\":\"Boligalarm AS\",\"url\":\"https:\/\/boligalarm.as\/\",\"sameAs\":[],\"logo\":{\"@type\":\"ImageObject\",\"@id\":\"https:\/\/boligalarm.as\/#logo\",\"inLanguage\":\"nb-NO\",\"url\":\"https:\/\/boligalarm.as\/wp-content\/uploads\/2020\/06\/boligalarm.png\",\"contentUrl\":\"https:\/\/boligalarm.as\/wp-content\/uploads\/2020\/06\/boligalarm.png\",\"width\":863,\"height\":132,\"caption\":\"Boligalarm AS\"},\"image\":{\"@id\":\"https:\/\/boligalarm.as\/#logo\"}},{\"@type\":\"WebSite\",\"@id\":\"https:\/\/boligalarm.as\/#website\",\"url\":\"https:\/\/boligalarm.as\/\",\"name\":\"Boligalarm\",\"description\":\"Bolig og bedriftsalarmanlegg fra Verisure\",\"publisher\":{\"@id\":\"https:\/\/boligalarm.as\/#organization\"},\"potentialAction\":[{\"@type\":\"SearchAction\",\"target\":{\"@type\":\"EntryPoint\",\"urlTemplate\":\"https:\/\/boligalarm.as\/?s={search_term_string}\"},\"query-input\":\"required name=search_term_string\"}],\"inLanguage\":\"nb-NO\"},{\"@type\":\"WebPage\",\"@id\":\"https:\/\/boligalarm.as\/index.php\/brannalarm\/#webpage\",\"url\":\"https:\/\/boligalarm.as\/index.php\/brannalarm\/\",\"name\":\"Brannalarm \\u2013 R\\u00f8ykvarsler med bildeverifisering - Boligalarm\",\"isPartOf\":{\"@id\":\"https:\/\/boligalarm.as\/#website\"},\"datePublished\":\"2020-06-08T06:52:47+00:00\",\"dateModified\":\"2021-05-18T09:40:43+00:00\",\"description\":\"Med brannvarslingsanlegg fra Verisure har du full kontroll over hjemmet, selv n\\u00e5r du ikke er tilstede. Boligalarm s\\u00f8rger for komplett brannvarslingssystem\",\"breadcrumb\":{\"@id\":\"https:\/\/boligalarm.as\/index.php\/brannalarm\/#breadcrumb\"},\"inLanguage\":\"nb-NO\",\"potentialAction\":[{\"@type\":\"ReadAction\",\"target\":[\"https:\/\/boligalarm.as\/index.php\/brannalarm\/\"]}]},{\"@type\":\"BreadcrumbList\",\"@id\":\"https:\/\/boligalarm.as\/index.php\/brannalarm\/#breadcrumb\",\"itemListElement\":[{\"@type\":\"ListItem\",\"position\":1,\"name\":\"Hjem\",\"item\":\"https:\/\/boligalarm.as\/\"},{\"@type\":\"ListItem\",\"position\":2,\"name\":\"Brannalarm\"}]}]}<\/script>\n<!-- \/ Yoast SEO plugin. -->","yoast_head_json":{"title":"Brannalarm \u2013 R\u00f8ykvarsler med bildeverifisering - Boligalarm","description":"Med brannvarslingsanlegg fra Verisure har du full kontroll over hjemmet, selv n\u00e5r du ikke er tilstede. Boligalarm s\u00f8rger for komplett brannvarslingssystem","robots":{"index":"index","follow":"follow","max-snippet":"max-snippet:-1","max-image-preview":"max-image-preview:large","max-video-preview":"max-video-preview:-1"},"canonical":"https:\/\/boligalarm.as\/index.php\/brannalarm\/","schema":{"@context":"https:\/\/schema.org","@graph":[{"@type":"Organization","@id":"https:\/\/boligalarm.as\/#organization","name":"Boligalarm AS","url":"https:\/\/boligalarm.as\/","sameAs":[],"logo":{"@type":"ImageObject","@id":"https:\/\/boligalarm.as\/#logo","inLanguage":"nb-NO","url":"https:\/\/boligalarm.as\/wp-content\/uploads\/2020\/06\/boligalarm.png","contentUrl":"https:\/\/boligalarm.as\/wp-content\/uploads\/2020\/06\/boligalarm.png","width":863,"height":132,"caption":"Boligalarm AS"},"image":{"@id":"https:\/\/boligalarm.as\/#logo"}},{"@type":"WebSite","@id":"https:\/\/boligalarm.as\/#website","url":"https:\/\/boligalarm.as\/","name":"Boligalarm","description":"Bolig og bedriftsalarmanlegg fra Verisure","publisher":{"@id":"https:\/\/boligalarm.as\/#organization"},"potentialAction":[{"@type":"SearchAction","target":{"@type":"EntryPoint","urlTemplate":"https:\/\/boligalarm.as\/?s={search_term_string}"},"query-input":"required name=search_term_string"}],"inLanguage":"nb-NO"},{"@type":"WebPage","@id":"https:\/\/boligalarm.as\/index.php\/brannalarm\/#webpage","url":"https:\/\/boligalarm.as\/index.php\/brannalarm\/","name":"Brannalarm \u2013 R\u00f8ykvarsler med bildeverifisering - Boligalarm","isPartOf":{"@id":"https:\/\/boligalarm.as\/#website"},"datePublished":"2020-06-08T06:52:47+00:00","dateModified":"2021-05-18T09:40:43+00:00","description":"Med brannvarslingsanlegg fra Verisure har du full kontroll over hjemmet, selv n\u00e5r du ikke er tilstede. Boligalarm s\u00f8rger for komplett brannvarslingssystem","breadcrumb":{"@id":"https:\/\/boligalarm.as\/index.php\/brannalarm\/#breadcrumb"},"inLanguage":"nb-NO","potentialAction":[{"@type":"ReadAction","target":["https:\/\/boligalarm.as\/index.php\/brannalarm\/"]}]},{"@type":"BreadcrumbList","@id":"https:\/\/boligalarm.as\/index.php\/brannalarm\/#breadcrumb","itemListElement":[{"@type":"ListItem","position":1,"name":"Hjem","item":"https:\/\/boligalarm.as\/"},{"@type":"ListItem","position":2,"name":"Brannalarm"}]}]}},"_links":{"self":[{"href":"https:\/\/boligalarm.as\/index.php\/wp-json\/wp\/v2\/pages\/88"}],"collection":[{"href":"https:\/\/boligalarm.as\/index.php\/wp-json\/wp\/v2\/pages"}],"about":[{"href":"https:\/\/boligalarm.as\/index.php\/wp-json\/wp\/v2\/types\/page"}],"author":[{"embeddable":true,"href":"https:\/\/boligalarm.as\/index.php\/wp-json\/wp\/v2\/users\/1"}],"replies":[{"embeddable":true,"href":"https:\/\/boligalarm.as\/index.php\/wp-json\/wp\/v2\/comments?post=88"}],"version-history":[{"count":10,"href":"https:\/\/boligalarm.as\/index.php\/wp-json\/wp\/v2\/pages\/88\/revisions"}],"predecessor-version":[{"id":208,"href":"https:\/\/boligalarm.as\/index.php\/wp-json\/wp\/v2\/pages\/88\/revisions\/208"}],"wp:attachment":[{"href":"https:\/\/boligalarm.as\/index.php\/wp-json\/wp\/v2\/media?parent=88"}],"curies":[{"name":"wp","href":"https:\/\/api.w.org\/{rel}","templated":true}]}}