{"id":68,"date":"2020-05-28T11:27:16","date_gmt":"2020-05-28T09:27:16","guid":{"rendered":"https:\/\/boligalarm.as\/?page_id=68"},"modified":"2026-03-04T11:56:54","modified_gmt":"2026-03-04T10:56:54","slug":"bestill-befaring","status":"publish","type":"page","link":"https:\/\/boligalarm.as\/index.php\/bestill-befaring\/","title":{"rendered":"Bestill befaring"},"content":{"rendered":"<div id='av_section_1'  class='avia-section main_color avia-section-default avia-no-border-styling  avia-bg-style-scroll  avia-builder-el-0  avia-builder-el-no-sibling   container_wrap fullsize' style='background-repeat: no-repeat; background-image: url(https:\/\/boligalarm.as\/wp-content\/uploads\/2020\/05\/vindu-dame-min-scaled.jpg);background-attachment: scroll; background-position: top left;  '  data-section-bg-repeat='no-repeat'><div class='container' ><main  role=\"main\" itemprop=\"mainContentOfPage\"  class='template-page content  av-content-full alpha units'><div class='post-entry post-entry-type-page post-entry-68'><div class='entry-content-wrapper clearfix'>\n<div class=\"flex_column av_one_half  flex_column_div first  avia-builder-el-1  el_before_av_one_half  avia-builder-el-first  \" style='background: rgba(255,255,255,0.73); padding:15px; background-color:rgba(255,255,255,0.73); border-radius:0px 0 0px 0 ; '><section class=\"av_textblock_section \"  itemscope=\"itemscope\" itemtype=\"https:\/\/schema.org\/CreativeWork\" ><div class='avia_textblock  '  style='font-size:16px; '  itemprop=\"text\" ><div class=\"vc_col-sm-6 wpb_column column_container vc_column_container col no-extra-padding instance-0\" data-shadow=\"none\" data-border-animation=\"\" data-border-animation-delay=\"\" data-border-width=\"none\" data-border-style=\"solid\" data-border-color=\"\" data-bg-cover=\"\" data-padding-pos=\"all\" data-has-bg-color=\"false\" data-bg-color=\"\" data-bg-opacity=\"1\" data-hover-bg=\"\" data-hover-bg-opacity=\"1\" data-animation=\"\" data-delay=\"0\">\n<div class=\"vc_column-inner\">\n<div class=\"wpb_wrapper\">\n<div class=\"wpb_text_column wpb_content_element \">\n<div class=\"wpb_wrapper\">\n<h1>\u00d8nsker du en boligalarm befaring?<\/h1>\n<p>Trygghet f\u00f8rst! Enten det gjelder bolig, hytte, villa eller bedriftsalarm, adgangskontroll eller brannalarm \u2013 gir vi deg gratis befaring og et prisestimat p\u00e5 v\u00e5re produktl\u00f8sninger fra Verisure. Ta kontakt i dag for et uforpliktende tilbud.<\/p>\n<\/div>\n<\/div>\n<\/div>\n<\/div>\n<\/div>\n<\/div><\/section><br \/>\n<section class=\"av_textblock_section \"  itemscope=\"itemscope\" itemtype=\"https:\/\/schema.org\/CreativeWork\" ><div class='avia_textblock  '   itemprop=\"text\" ><h3><strong>Boligalarm AS<\/h3>\n<p><\/strong> tlf.: 45868818,<br \/>\nepost:<a href=\"mailto:post@boligalarm.as\"> post@boligalarm.as<\/a><\/p>\n<\/div><\/section><\/p><\/div><div class=\"flex_column av_one_half  flex_column_div av-zero-column-padding   avia-builder-el-4  el_after_av_one_half  avia-builder-el-last  \" style='border-radius:0px; '><form action=\"https:\/\/boligalarm.as\/index.php\/bestill-befaring\/\" method=\"post\"  class=\"avia_ajax_form av-form-labels-hidden   avia-builder-el-5  avia-builder-el-no-sibling   \" data-avia-form-id=\"1\" data-avia-redirect='' ><h3 class=''>Send us mail<\/h3><fieldset><p class=' first_form  form_element form_fullwidth' id='element_avia_1_1'><label for=\"avia_1_1\">Hvilken type bolig har du? <abbr class=\"required\" title=\"required\">*<\/abbr><\/label> <select  name=\"avia_1_1\" class=\"select is_empty\" id=\"avia_1_1\"><option  value =''>Hvilken type bolig har du?*<\/option><option  value ='Leilighet'>Leilighet<\/option><option  value ='Hus'>Hus<\/option><\/select><\/p><p class='  first_form  form_element form_fullwidth' id='element_avia_2_1'><label for=\"avia_2_1\">E-Post <abbr class=\"required\" title=\"required\">*<\/abbr><\/label> <input name=\"avia_2_1\" class=\"text_input is_email\" type=\"text\" id=\"avia_2_1\" value=\"\"  placeholder='E-Post*'\/><\/p><p class='  first_form  form_element form_fullwidth' id='element_avia_3_1'><label for=\"avia_3_1\">Emne <abbr class=\"required\" title=\"required\">*<\/abbr><\/label> <input name=\"avia_3_1\" class=\"text_input is_empty\" type=\"text\" id=\"avia_3_1\" value=\"\"  placeholder='Emne*'\/><\/p><p class='  first_form  form_element form_fullwidth av-last-visible-form-element' id='element_avia_4_1'><label for=\"avia_4_1\" class=\"textare_label hidden textare_label_avia_4_1\">Melding <abbr class=\"required\" title=\"required\">*<\/abbr><\/label><textarea  placeholder='Melding*' name=\"avia_4_1\" class=\"text_area is_empty\" cols=\"40\" rows=\"7\" id=\"avia_4_1\" ><\/textarea><\/p><p class=\"hidden\"><input type=\"text\" name=\"avia_5_1\" class=\"hidden \" id=\"avia_5_1\" value=\"\" \/><\/p><p class=\"form_element \"><input type=\"hidden\" value=\"1\" name=\"avia_generated_form1\" \/><input type=\"submit\" value=\"Send\" class=\"button\"  data-sending-label=\"Sending\"\/><\/p><\/fieldset><\/form><div id=\"ajaxresponse_1\" class=\"ajaxresponse ajaxresponse_1 hidden\"><\/div><\/div>\n","protected":false},"excerpt":{"rendered":"","protected":false},"author":1,"featured_media":0,"parent":0,"menu_order":0,"comment_status":"closed","ping_status":"closed","template":"","meta":[],"yoast_head":"<!-- This site is optimized with the Yoast SEO plugin v17.1 - https:\/\/yoast.com\/wordpress\/plugins\/seo\/ -->\n<title>Bestill befaring - Boligalarm AS - Verisure Partner<\/title>\n<meta name=\"description\" content=\"Enten det gjelder bolig, hytte, villa eller bedriftsalarm, adgangskontroll eller brannalarm \u2013 gir vi deg gratis befaring og et prisestimat p\u00e5 v\u00e5re produktl\u00f8sninger fra Verisure.\" \/>\n<meta name=\"robots\" content=\"index, follow, max-snippet:-1, max-image-preview:large, max-video-preview:-1\" \/>\n<link rel=\"canonical\" href=\"https:\/\/boligalarm.as\/index.php\/bestill-befaring\/\" \/>\n<script type=\"application\/ld+json\" class=\"yoast-schema-graph\">{\"@context\":\"https:\/\/schema.org\",\"@graph\":[{\"@type\":\"Organization\",\"@id\":\"https:\/\/boligalarm.as\/#organization\",\"name\":\"Boligalarm AS\",\"url\":\"https:\/\/boligalarm.as\/\",\"sameAs\":[],\"logo\":{\"@type\":\"ImageObject\",\"@id\":\"https:\/\/boligalarm.as\/#logo\",\"inLanguage\":\"nb-NO\",\"url\":\"https:\/\/boligalarm.as\/wp-content\/uploads\/2020\/06\/boligalarm.png\",\"contentUrl\":\"https:\/\/boligalarm.as\/wp-content\/uploads\/2020\/06\/boligalarm.png\",\"width\":863,\"height\":132,\"caption\":\"Boligalarm AS\"},\"image\":{\"@id\":\"https:\/\/boligalarm.as\/#logo\"}},{\"@type\":\"WebSite\",\"@id\":\"https:\/\/boligalarm.as\/#website\",\"url\":\"https:\/\/boligalarm.as\/\",\"name\":\"Boligalarm\",\"description\":\"Bolig og bedriftsalarmanlegg fra Verisure\",\"publisher\":{\"@id\":\"https:\/\/boligalarm.as\/#organization\"},\"potentialAction\":[{\"@type\":\"SearchAction\",\"target\":{\"@type\":\"EntryPoint\",\"urlTemplate\":\"https:\/\/boligalarm.as\/?s={search_term_string}\"},\"query-input\":\"required name=search_term_string\"}],\"inLanguage\":\"nb-NO\"},{\"@type\":\"WebPage\",\"@id\":\"https:\/\/boligalarm.as\/index.php\/bestill-befaring\/#webpage\",\"url\":\"https:\/\/boligalarm.as\/index.php\/bestill-befaring\/\",\"name\":\"Bestill befaring - Boligalarm AS - Verisure Partner\",\"isPartOf\":{\"@id\":\"https:\/\/boligalarm.as\/#website\"},\"datePublished\":\"2020-05-28T09:27:16+00:00\",\"dateModified\":\"2026-03-04T10:56:54+00:00\",\"description\":\"Enten det gjelder bolig, hytte, villa eller bedriftsalarm, adgangskontroll eller brannalarm \\u2013 gir vi deg gratis befaring og et prisestimat p\\u00e5 v\\u00e5re produktl\\u00f8sninger fra Verisure.\",\"breadcrumb\":{\"@id\":\"https:\/\/boligalarm.as\/index.php\/bestill-befaring\/#breadcrumb\"},\"inLanguage\":\"nb-NO\",\"potentialAction\":[{\"@type\":\"ReadAction\",\"target\":[\"https:\/\/boligalarm.as\/index.php\/bestill-befaring\/\"]}]},{\"@type\":\"BreadcrumbList\",\"@id\":\"https:\/\/boligalarm.as\/index.php\/bestill-befaring\/#breadcrumb\",\"itemListElement\":[{\"@type\":\"ListItem\",\"position\":1,\"name\":\"Hjem\",\"item\":\"https:\/\/boligalarm.as\/\"},{\"@type\":\"ListItem\",\"position\":2,\"name\":\"Bestill befaring\"}]}]}<\/script>\n<!-- \/ Yoast SEO plugin. -->","yoast_head_json":{"title":"Bestill befaring - Boligalarm AS - Verisure Partner","description":"Enten det gjelder bolig, hytte, villa eller bedriftsalarm, adgangskontroll eller brannalarm \u2013 gir vi deg gratis befaring og et prisestimat p\u00e5 v\u00e5re produktl\u00f8sninger fra Verisure.","robots":{"index":"index","follow":"follow","max-snippet":"max-snippet:-1","max-image-preview":"max-image-preview:large","max-video-preview":"max-video-preview:-1"},"canonical":"https:\/\/boligalarm.as\/index.php\/bestill-befaring\/","schema":{"@context":"https:\/\/schema.org","@graph":[{"@type":"Organization","@id":"https:\/\/boligalarm.as\/#organization","name":"Boligalarm AS","url":"https:\/\/boligalarm.as\/","sameAs":[],"logo":{"@type":"ImageObject","@id":"https:\/\/boligalarm.as\/#logo","inLanguage":"nb-NO","url":"https:\/\/boligalarm.as\/wp-content\/uploads\/2020\/06\/boligalarm.png","contentUrl":"https:\/\/boligalarm.as\/wp-content\/uploads\/2020\/06\/boligalarm.png","width":863,"height":132,"caption":"Boligalarm AS"},"image":{"@id":"https:\/\/boligalarm.as\/#logo"}},{"@type":"WebSite","@id":"https:\/\/boligalarm.as\/#website","url":"https:\/\/boligalarm.as\/","name":"Boligalarm","description":"Bolig og bedriftsalarmanlegg fra Verisure","publisher":{"@id":"https:\/\/boligalarm.as\/#organization"},"potentialAction":[{"@type":"SearchAction","target":{"@type":"EntryPoint","urlTemplate":"https:\/\/boligalarm.as\/?s={search_term_string}"},"query-input":"required name=search_term_string"}],"inLanguage":"nb-NO"},{"@type":"WebPage","@id":"https:\/\/boligalarm.as\/index.php\/bestill-befaring\/#webpage","url":"https:\/\/boligalarm.as\/index.php\/bestill-befaring\/","name":"Bestill befaring - Boligalarm AS - Verisure Partner","isPartOf":{"@id":"https:\/\/boligalarm.as\/#website"},"datePublished":"2020-05-28T09:27:16+00:00","dateModified":"2026-03-04T10:56:54+00:00","description":"Enten det gjelder bolig, hytte, villa eller bedriftsalarm, adgangskontroll eller brannalarm \u2013 gir vi deg gratis befaring og et prisestimat p\u00e5 v\u00e5re produktl\u00f8sninger fra Verisure.","breadcrumb":{"@id":"https:\/\/boligalarm.as\/index.php\/bestill-befaring\/#breadcrumb"},"inLanguage":"nb-NO","potentialAction":[{"@type":"ReadAction","target":["https:\/\/boligalarm.as\/index.php\/bestill-befaring\/"]}]},{"@type":"BreadcrumbList","@id":"https:\/\/boligalarm.as\/index.php\/bestill-befaring\/#breadcrumb","itemListElement":[{"@type":"ListItem","position":1,"name":"Hjem","item":"https:\/\/boligalarm.as\/"},{"@type":"ListItem","position":2,"name":"Bestill befaring"}]}]}},"_links":{"self":[{"href":"https:\/\/boligalarm.as\/index.php\/wp-json\/wp\/v2\/pages\/68"}],"collection":[{"href":"https:\/\/boligalarm.as\/index.php\/wp-json\/wp\/v2\/pages"}],"about":[{"href":"https:\/\/boligalarm.as\/index.php\/wp-json\/wp\/v2\/types\/page"}],"author":[{"embeddable":true,"href":"https:\/\/boligalarm.as\/index.php\/wp-json\/wp\/v2\/users\/1"}],"replies":[{"embeddable":true,"href":"https:\/\/boligalarm.as\/index.php\/wp-json\/wp\/v2\/comments?post=68"}],"version-history":[{"count":12,"href":"https:\/\/boligalarm.as\/index.php\/wp-json\/wp\/v2\/pages\/68\/revisions"}],"predecessor-version":[{"id":151,"href":"https:\/\/boligalarm.as\/index.php\/wp-json\/wp\/v2\/pages\/68\/revisions\/151"}],"wp:attachment":[{"href":"https:\/\/boligalarm.as\/index.php\/wp-json\/wp\/v2\/media?parent=68"}],"curies":[{"name":"wp","href":"https:\/\/api.w.org\/{rel}","templated":true}]}}