{"id":64,"date":"2020-05-28T11:22:48","date_gmt":"2020-05-28T09:22:48","guid":{"rendered":"https:\/\/boligalarm.as\/?page_id=64"},"modified":"2021-09-08T11:03:53","modified_gmt":"2021-09-08T09:03:53","slug":"adgangskontroll","status":"publish","type":"page","link":"https:\/\/boligalarm.as\/index.php\/adgangskontroll\/","title":{"rendered":"Adgangskontroll"},"content":{"rendered":"<div id='full_slider_1'  class='avia-fullwidth-slider main_color avia-shadow   avia-builder-el-0  el_before_av_section  avia-builder-el-first   container_wrap fullsize' style=' '  ><div   data-size='featured'  data-lightbox_size='large'  data-animation='slide'  data-conditional_play=''  data-ids='25'  data-video_counter='0'  data-autoplay='false'  data-bg_slider='false'  data-slide_height=''  data-handle='av_slideshow_full'  data-interval='5'  data-class=' '  data-el_id=''  data-css_id=''  data-scroll_down=''  data-control_layout='av-control-default'  data-custom_markup=''  data-perma_caption=''  data-autoplay_stopper=''  data-image_attachment=''  data-min_height='0px'  data-src=''  data-position='top left'  data-repeat='no-repeat'  data-attach='scroll'  data-stretch=''  data-default-height='28.666666666667'  class='avia-slideshow avia-slideshow-1  av-control-default av-default-height-applied avia-slideshow-featured av_slideshow_full   avia-slide-slider '  itemprop=\"image\" itemscope=\"itemscope\" itemtype=\"https:\/\/schema.org\/ImageObject\" ><ul class='avia-slideshow-inner ' style='padding-bottom: 33.59375%;' ><li  class=' av-single-slide slide-1 ' ><div data-rel='slideshow-1' class='avia-slide-wrap '   ><img src='https:\/\/boligalarm.as\/wp-content\/uploads\/2020\/05\/thumbnail_selger-min-1280x430.jpg' width='1280' height='430' title='thumbnail_selger-min' alt='Selger'  itemprop=\"thumbnailUrl\"   \/><\/div><\/li><\/ul><\/div><\/div>\n<div id='av_section_1'  class='avia-section main_color avia-section-default avia-no-border-styling  avia-bg-style-scroll  avia-builder-el-1  el_after_av_slideshow_full  avia-builder-el-last   container_wrap fullsize' style=' '  ><div class='container' ><div class='template-page content  av-content-full alpha units'><div class='post-entry post-entry-type-page post-entry-64'><div class='entry-content-wrapper clearfix'>\n<div class=\"flex_column av_one_half  flex_column_div av-zero-column-padding first  avia-builder-el-2  el_before_av_one_half  avia-builder-el-first  \" style='border-radius:0px; '><section class=\"av_textblock_section \"  itemscope=\"itemscope\" itemtype=\"https:\/\/schema.org\/CreativeWork\" ><div class='avia_textblock  av_inherit_color '  style='color:#b02b2c; '  itemprop=\"text\" ><div class=\"vc_col-sm-6 wpb_column column_container vc_column_container col no-extra-padding instance-0\" data-shadow=\"none\" data-border-animation=\"\" data-border-animation-delay=\"\" data-border-width=\"none\" data-border-style=\"solid\" data-border-color=\"\" data-bg-cover=\"\" data-padding-pos=\"all\" data-has-bg-color=\"false\" data-bg-color=\"\" data-bg-opacity=\"1\" data-hover-bg=\"\" data-hover-bg-opacity=\"1\" data-animation=\"\" data-delay=\"0\">\n<div class=\"vc_column-inner\">\n<div class=\"wpb_wrapper\">\n<div class=\"row-bg-wrap instance-0\">\n<div class=\"inner-wrap\">\n<div class=\"row-bg \" data-color_overlay=\"\" data-color_overlay_2=\"\" data-gradient_direction=\"\" data-overlay_strength=\"0.3\" data-enable_gradient=\"false\"><\/div>\n<\/div>\n<\/div>\n<div class=\"col span_12 dark left\">\n<div class=\"vc_col-sm-8 wpb_column column_container vc_column_container col no-extra-padding instance-0\" data-shadow=\"none\" data-border-animation=\"\" data-border-animation-delay=\"\" data-border-width=\"none\" data-border-style=\"solid\" data-border-color=\"\" data-bg-cover=\"\" data-padding-pos=\"all\" data-has-bg-color=\"false\" data-bg-color=\"\" data-bg-opacity=\"1\" data-hover-bg=\"\" data-hover-bg-opacity=\"1\" data-animation=\"\" data-delay=\"0\">\n<div class=\"vc_column-inner\">\n<div class=\"wpb_wrapper\">\n<div class=\"wpb_text_column wpb_content_element \">\n<div class=\"wpb_wrapper\">\n<h1>Adgangskontroll og kodel\u00e5ser<\/h1>\n<h3><strong><em>Enklere og mer behagelig hverdag med SmartLock<\/em><\/strong><\/h3>\n<p>Slipp inn h\u00e5ndverkeren eller ta imot det nye kj\u00f8leskapet, selv om du ikke er hjemme.<\/p>\n<p>Se hvem som l\u00e5ser opp hjemme mens du er p\u00e5 jobben. Med en SmartLock l\u00e5smodul til den elektroniske boligl\u00e5sen, Yale Doorman, f\u00e5r du en litt enklere og mer behagelig hverdag og kontroll over boligen.<\/p>\n<p>Det holder at du monterer \u00e9n elektronisk boligl\u00e5s som du oppgraderer med SmartLock for \u00e5 dra nytte av alle fordelene. L\u00e5sen holder h\u00f8yt sikkerhetsniv\u00e5 og kobles automatisk til din Verisure boligalarm for flere smarte tilkoblede tjenester.<\/p>\n<\/div>\n<\/div>\n<\/div>\n<\/div>\n<\/div>\n<\/div>\n<\/div>\n<\/div>\n<\/div>\n<\/div><\/section><br \/>\n<div  class='avia-image-container  av-styling-    avia-builder-el-4  el_after_av_textblock  avia-builder-el-last  avia-align-center '  itemprop=\"image\" itemscope=\"itemscope\" itemtype=\"https:\/\/schema.org\/ImageObject\"  ><div class='avia-image-container-inner'><div class='avia-image-overlay-wrap'><img class='avia_image' src='https:\/\/boligalarm.as\/wp-content\/uploads\/2020\/06\/storytelling-Las-NO.jpg' alt='Adgangskontroll d\u00f8rl\u00e5s mobilapp' title='Adgangskontroll' height=\"246\" width=\"300\"  itemprop=\"thumbnailUrl\"  \/><\/div><\/div><\/div><\/p><\/div><div class=\"flex_column av_one_half  flex_column_div av-zero-column-padding   avia-builder-el-5  el_after_av_one_half  avia-builder-el-last  \" style='border-radius:0px; '><p><div  style='height:75px' class='hr hr-invisible   avia-builder-el-6  el_before_av_textblock  avia-builder-el-first '><span class='hr-inner ' ><span class='hr-inner-style'><\/span><\/span><\/div><br \/>\n<section class=\"av_textblock_section \"  itemscope=\"itemscope\" itemtype=\"https:\/\/schema.org\/CreativeWork\" ><div class='avia_textblock  '   itemprop=\"text\" ><h2 style=\"text-align: center;\">\u00d8nsker dere befaring?<\/h2>\n<\/div><\/section><br \/>\n<div  class='avia-button-wrap avia-button-center  avia-builder-el-8  el_after_av_textblock  avia-builder-el-last ' ><a href='https:\/\/boligalarm.as\/index.php\/bestill-befaring\/'  class='avia-button   avia-icon_select-no avia-color-theme-color avia-size-x-large avia-position-center '   ><span class='avia_iconbox_title' >Kontakt oss<\/span><\/a><\/div><\/p><\/div>\n","protected":false},"excerpt":{"rendered":"","protected":false},"author":1,"featured_media":0,"parent":0,"menu_order":0,"comment_status":"closed","ping_status":"closed","template":"","meta":[],"yoast_head":"<!-- This site is optimized with the Yoast SEO plugin v17.1 - https:\/\/yoast.com\/wordpress\/plugins\/seo\/ -->\n<title>Adgangskontroll \u2013 Boligalarm AS - Elektronisk boligl\u00e5s med SmartLock<\/title>\n<meta name=\"description\" content=\"Gj\u00f8r livet enklere med Smartlock elektronisk boligl\u00e5s. Boligalarm AS er ekspert p\u00e5 adgangskontroll og smartl\u00f8sninger som Yale Doorman. Velg adgangskontroll fra Boligalarm.\" \/>\n<meta name=\"robots\" content=\"index, follow, max-snippet:-1, max-image-preview:large, max-video-preview:-1\" \/>\n<link rel=\"canonical\" href=\"https:\/\/boligalarm.as\/index.php\/adgangskontroll\/\" \/>\n<script type=\"application\/ld+json\" class=\"yoast-schema-graph\">{\"@context\":\"https:\/\/schema.org\",\"@graph\":[{\"@type\":\"Organization\",\"@id\":\"https:\/\/boligalarm.as\/#organization\",\"name\":\"Boligalarm AS\",\"url\":\"https:\/\/boligalarm.as\/\",\"sameAs\":[],\"logo\":{\"@type\":\"ImageObject\",\"@id\":\"https:\/\/boligalarm.as\/#logo\",\"inLanguage\":\"nb-NO\",\"url\":\"https:\/\/boligalarm.as\/wp-content\/uploads\/2020\/06\/boligalarm.png\",\"contentUrl\":\"https:\/\/boligalarm.as\/wp-content\/uploads\/2020\/06\/boligalarm.png\",\"width\":863,\"height\":132,\"caption\":\"Boligalarm AS\"},\"image\":{\"@id\":\"https:\/\/boligalarm.as\/#logo\"}},{\"@type\":\"WebSite\",\"@id\":\"https:\/\/boligalarm.as\/#website\",\"url\":\"https:\/\/boligalarm.as\/\",\"name\":\"Boligalarm\",\"description\":\"Bolig og bedriftsalarmanlegg fra Verisure\",\"publisher\":{\"@id\":\"https:\/\/boligalarm.as\/#organization\"},\"potentialAction\":[{\"@type\":\"SearchAction\",\"target\":{\"@type\":\"EntryPoint\",\"urlTemplate\":\"https:\/\/boligalarm.as\/?s={search_term_string}\"},\"query-input\":\"required name=search_term_string\"}],\"inLanguage\":\"nb-NO\"},{\"@type\":\"WebPage\",\"@id\":\"https:\/\/boligalarm.as\/index.php\/adgangskontroll\/#webpage\",\"url\":\"https:\/\/boligalarm.as\/index.php\/adgangskontroll\/\",\"name\":\"Adgangskontroll \\u2013 Boligalarm AS - Elektronisk boligl\\u00e5s med SmartLock\",\"isPartOf\":{\"@id\":\"https:\/\/boligalarm.as\/#website\"},\"datePublished\":\"2020-05-28T09:22:48+00:00\",\"dateModified\":\"2021-09-08T09:03:53+00:00\",\"description\":\"Gj\\u00f8r livet enklere med Smartlock elektronisk boligl\\u00e5s. Boligalarm AS er ekspert p\\u00e5 adgangskontroll og smartl\\u00f8sninger som Yale Doorman. Velg adgangskontroll fra Boligalarm.\",\"breadcrumb\":{\"@id\":\"https:\/\/boligalarm.as\/index.php\/adgangskontroll\/#breadcrumb\"},\"inLanguage\":\"nb-NO\",\"potentialAction\":[{\"@type\":\"ReadAction\",\"target\":[\"https:\/\/boligalarm.as\/index.php\/adgangskontroll\/\"]}]},{\"@type\":\"BreadcrumbList\",\"@id\":\"https:\/\/boligalarm.as\/index.php\/adgangskontroll\/#breadcrumb\",\"itemListElement\":[{\"@type\":\"ListItem\",\"position\":1,\"name\":\"Hjem\",\"item\":\"https:\/\/boligalarm.as\/\"},{\"@type\":\"ListItem\",\"position\":2,\"name\":\"Adgangskontroll\"}]}]}<\/script>\n<!-- \/ Yoast SEO plugin. -->","yoast_head_json":{"title":"Adgangskontroll \u2013 Boligalarm AS - Elektronisk boligl\u00e5s med SmartLock","description":"Gj\u00f8r livet enklere med Smartlock elektronisk boligl\u00e5s. Boligalarm AS er ekspert p\u00e5 adgangskontroll og smartl\u00f8sninger som Yale Doorman. Velg adgangskontroll fra Boligalarm.","robots":{"index":"index","follow":"follow","max-snippet":"max-snippet:-1","max-image-preview":"max-image-preview:large","max-video-preview":"max-video-preview:-1"},"canonical":"https:\/\/boligalarm.as\/index.php\/adgangskontroll\/","schema":{"@context":"https:\/\/schema.org","@graph":[{"@type":"Organization","@id":"https:\/\/boligalarm.as\/#organization","name":"Boligalarm AS","url":"https:\/\/boligalarm.as\/","sameAs":[],"logo":{"@type":"ImageObject","@id":"https:\/\/boligalarm.as\/#logo","inLanguage":"nb-NO","url":"https:\/\/boligalarm.as\/wp-content\/uploads\/2020\/06\/boligalarm.png","contentUrl":"https:\/\/boligalarm.as\/wp-content\/uploads\/2020\/06\/boligalarm.png","width":863,"height":132,"caption":"Boligalarm AS"},"image":{"@id":"https:\/\/boligalarm.as\/#logo"}},{"@type":"WebSite","@id":"https:\/\/boligalarm.as\/#website","url":"https:\/\/boligalarm.as\/","name":"Boligalarm","description":"Bolig og bedriftsalarmanlegg fra Verisure","publisher":{"@id":"https:\/\/boligalarm.as\/#organization"},"potentialAction":[{"@type":"SearchAction","target":{"@type":"EntryPoint","urlTemplate":"https:\/\/boligalarm.as\/?s={search_term_string}"},"query-input":"required name=search_term_string"}],"inLanguage":"nb-NO"},{"@type":"WebPage","@id":"https:\/\/boligalarm.as\/index.php\/adgangskontroll\/#webpage","url":"https:\/\/boligalarm.as\/index.php\/adgangskontroll\/","name":"Adgangskontroll \u2013 Boligalarm AS - Elektronisk boligl\u00e5s med SmartLock","isPartOf":{"@id":"https:\/\/boligalarm.as\/#website"},"datePublished":"2020-05-28T09:22:48+00:00","dateModified":"2021-09-08T09:03:53+00:00","description":"Gj\u00f8r livet enklere med Smartlock elektronisk boligl\u00e5s. Boligalarm AS er ekspert p\u00e5 adgangskontroll og smartl\u00f8sninger som Yale Doorman. Velg adgangskontroll fra Boligalarm.","breadcrumb":{"@id":"https:\/\/boligalarm.as\/index.php\/adgangskontroll\/#breadcrumb"},"inLanguage":"nb-NO","potentialAction":[{"@type":"ReadAction","target":["https:\/\/boligalarm.as\/index.php\/adgangskontroll\/"]}]},{"@type":"BreadcrumbList","@id":"https:\/\/boligalarm.as\/index.php\/adgangskontroll\/#breadcrumb","itemListElement":[{"@type":"ListItem","position":1,"name":"Hjem","item":"https:\/\/boligalarm.as\/"},{"@type":"ListItem","position":2,"name":"Adgangskontroll"}]}]}},"_links":{"self":[{"href":"https:\/\/boligalarm.as\/index.php\/wp-json\/wp\/v2\/pages\/64"}],"collection":[{"href":"https:\/\/boligalarm.as\/index.php\/wp-json\/wp\/v2\/pages"}],"about":[{"href":"https:\/\/boligalarm.as\/index.php\/wp-json\/wp\/v2\/types\/page"}],"author":[{"embeddable":true,"href":"https:\/\/boligalarm.as\/index.php\/wp-json\/wp\/v2\/users\/1"}],"replies":[{"embeddable":true,"href":"https:\/\/boligalarm.as\/index.php\/wp-json\/wp\/v2\/comments?post=64"}],"version-history":[{"count":3,"href":"https:\/\/boligalarm.as\/index.php\/wp-json\/wp\/v2\/pages\/64\/revisions"}],"predecessor-version":[{"id":217,"href":"https:\/\/boligalarm.as\/index.php\/wp-json\/wp\/v2\/pages\/64\/revisions\/217"}],"wp:attachment":[{"href":"https:\/\/boligalarm.as\/index.php\/wp-json\/wp\/v2\/media?parent=64"}],"curies":[{"name":"wp","href":"https:\/\/api.w.org\/{rel}","templated":true}]}}