{"id":57,"date":"2020-05-28T11:20:18","date_gmt":"2020-05-28T09:20:18","guid":{"rendered":"https:\/\/boligalarm.as\/?page_id=57"},"modified":"2021-09-08T10:14:22","modified_gmt":"2021-09-08T08:14:22","slug":"hjem","status":"publish","type":"page","link":"https:\/\/boligalarm.as\/","title":{"rendered":"Hjem"},"content":{"rendered":"<div id='full_slider_1'  class='avia-fullwidth-slider main_color avia-shadow   avia-builder-el-0  el_before_av_section  avia-builder-el-first   container_wrap fullsize' style=' '  ><div   data-size='featured'  data-lightbox_size='large'  data-animation='slide'  data-conditional_play=''  data-ids='31'  data-video_counter='0'  data-autoplay='false'  data-bg_slider='false'  data-slide_height=''  data-handle='av_slideshow_full'  data-interval='5'  data-class=' '  data-el_id=''  data-css_id=''  data-scroll_down=''  data-control_layout='av-control-default'  data-custom_markup=''  data-perma_caption=''  data-autoplay_stopper=''  data-image_attachment=''  data-min_height='0px'  data-src=''  data-position='top left'  data-repeat='no-repeat'  data-attach='scroll'  data-stretch=''  data-default-height='28.666666666667'  class='avia-slideshow avia-slideshow-1  av-control-default av-default-height-applied avia-slideshow-featured av_slideshow_full   avia-slide-slider '  itemprop=\"image\" itemscope=\"itemscope\" itemtype=\"https:\/\/schema.org\/ImageObject\" ><ul class='avia-slideshow-inner ' style='padding-bottom: 28.666666666667%;' ><li  class=' av-single-slide slide-1 ' ><div data-rel='slideshow-1' class='avia-slide-wrap '   ><div class = \"caption_fullwidth av-slideshow-caption caption_center caption_center_framed caption_framed\"><div class = \"container caption_container\"><div class = \"slideshow_caption\"><div class = \"slideshow_inner_caption\"><div class = \"slideshow_align_caption\"><h2  class='avia-caption-title  '  itemprop=\"name\" >Velkommen til Boligalarm AS<\/h2><div class='avia-caption-content  '  itemprop=\"description\"  ><p>Din lokale boligalarm Partner Verisure<\/p>\n<\/div><\/div><\/div><\/div><\/div><\/div><img src='https:\/\/boligalarm.as\/wp-content\/uploads\/2020\/05\/vindu-dame-min-1500x430.jpg' width='1500' height='430' title='vindu-dame-min' alt='Dame i Verisure beskyttet hus'  itemprop=\"thumbnailUrl\"   \/><\/div><\/li><\/ul><\/div><\/div>\n<div id='av_section_1'  class='avia-section main_color avia-section-default avia-no-border-styling  avia-bg-style-scroll  avia-builder-el-1  el_after_av_slideshow_full  el_before_av_section   av-minimum-height av-minimum-height-50  container_wrap fullsize' style=' '   data-av_minimum_height_pc='50'><div class='container' ><div class='template-page content  av-content-full alpha units'><div class='post-entry post-entry-type-page post-entry-57'><div class='entry-content-wrapper clearfix'>\n<div class=\"flex_column av_one_full  flex_column_div av-zero-column-padding first  avia-builder-el-2  avia-builder-el-no-sibling  \" style='border-radius:0px; '><section class=\"av_textblock_section \"  itemscope=\"itemscope\" itemtype=\"https:\/\/schema.org\/CreativeWork\" ><div class='avia_textblock  '   itemprop=\"text\" ><div class=\"vc_col-sm-6 wpb_column column_container vc_column_container col no-extra-padding instance-0\" data-shadow=\"none\" data-border-animation=\"\" data-border-animation-delay=\"\" data-border-width=\"none\" data-border-style=\"solid\" data-border-color=\"\" data-bg-cover=\"\" data-padding-pos=\"all\" data-has-bg-color=\"false\" data-bg-color=\"\" data-bg-opacity=\"1\" data-hover-bg=\"\" data-hover-bg-opacity=\"1\" data-animation=\"\" data-delay=\"0\">\n<div class=\"vc_column-inner\">\n<div class=\"wpb_wrapper\">\n<div class=\"wpb_text_column wpb_content_element \">\n<div class=\"wpb_wrapper\">\n<h1>Din lokale boligalarm partner Verisure.<\/h1>\n<p>Boligalarm AS er en offisiell franchisetaker til Verisure AS som leverer sikkerhetstjenester som boligalarm med smarte l\u00f8sninger for hjemmet og familien. Som din lokale partner er vi i ditt nabolag og tar h\u00e5nd om salg, installasjon, service og teknisk support. Vi er representanter av Verisure og er spesialister p\u00e5 alarm og sikkerhet i hjemmet.<\/p>\n<p>Ved installering av et Verisure-system hjelper vi deg med \u00e5 finne alarml\u00f8sningen som passer din bolig. Med boligalarm fra Verisure f\u00e5r du brann- og innbruddsalarm med r\u00f8yk- og fotodetektorer for bildeverifisering av alarm\u00e5rsaken, kontaktalarm og delsikring. N\u00e5 kan du sl\u00e5 alarmen hjemme av og p\u00e5, uansett hvor du er.<\/p>\n<\/div>\n<\/div>\n<\/div>\n<\/div>\n<\/div>\n<\/div><\/section><\/div>\n\n<\/div><\/div><\/div><!-- close content main div --><\/div><\/div><div id='av_section_2'  class='avia-section main_color avia-section-default avia-no-border-styling  avia-bg-style-scroll  avia-builder-el-4  el_after_av_section  el_before_av_one_half   av-minimum-height av-minimum-height-50  container_wrap fullsize' style='background-color: #f4f4f4;  '   data-av_minimum_height_pc='50'><div class='container' ><div class='template-page content  av-content-full alpha units'><div class='post-entry post-entry-type-page post-entry-57'><div class='entry-content-wrapper clearfix'>\n<div class=\"flex_column av_one_half  flex_column_div av-zero-column-padding first  avia-builder-el-5  el_before_av_one_half  avia-builder-el-first  \" style='border-radius:0px; '><section class=\"av_textblock_section \"  itemscope=\"itemscope\" itemtype=\"https:\/\/schema.org\/CreativeWork\" ><div class='avia_textblock  '   itemprop=\"text\" ><div class=\"vc_col-sm-6 wpb_column column_container vc_column_container col no-extra-padding instance-0\" data-shadow=\"none\" data-border-animation=\"\" data-border-animation-delay=\"\" data-border-width=\"none\" data-border-style=\"solid\" data-border-color=\"\" data-bg-cover=\"\" data-padding-pos=\"all\" data-has-bg-color=\"false\" data-bg-color=\"\" data-bg-opacity=\"1\" data-hover-bg=\"\" data-hover-bg-opacity=\"1\" data-animation=\"\" data-delay=\"0\">\n<div class=\"vc_column-inner\">\n<div class=\"wpb_wrapper\">\n<div class=\"wpb_text_column wpb_content_element \">\n<div class=\"wpb_wrapper\">\n<h3>Verisure er mer enn en vanlig boligalarm<\/h3>\n<p>Med Verisure App kan du overv\u00e5ke og fjernstyre hjemmet med smarttelefonen. Sl\u00e5 alarmen av eller p\u00e5, styre belysning og andre elektriske apparater, bli varslet n\u00e5r barna kommer hjem fra skolen og lese av temperaturen. Systemet er overv\u00e5ket av Verisure AS\u2019 d\u00f8gnbemannede alarmstasjon og tjenester med spesialoppl\u00e6rte alarmoperat\u00f8rer. Les mer om det tilkoblede, smarte hjemmet p\u00e5 <a href=\"http:\/\/www.verisure.no\" target=\"_blank\" rel=\"noopener\">verisure.no<\/a>.<\/p>\n<\/div>\n<\/div>\n<\/div>\n<\/div>\n<\/div>\n<\/div><\/section><br \/>\n<div  style='height:50px' class='hr hr-invisible   avia-builder-el-7  el_after_av_textblock  el_before_av_button '><span class='hr-inner ' ><span class='hr-inner-style'><\/span><\/span><\/div><br \/>\n<div  class='avia-button-wrap avia-button-center  avia-builder-el-8  el_after_av_hr  avia-builder-el-last ' ><a href='https:\/\/boligalarm.as\/index.php\/bestill-befaring\/'  class='avia-button   avia-icon_select-no avia-color-theme-color avia-size-x-large avia-position-center '   ><span class='avia_iconbox_title' >Kontaktskjema<\/span><\/a><\/div><\/p><\/div><div class=\"flex_column av_one_half  flex_column_div av-zero-column-padding   avia-builder-el-9  el_after_av_one_half  avia-builder-el-last  \" style='border-radius:0px; '><div  class='avia-gallery  avia-gallery-1 avia_lazyload avia-gallery-animate avia_animate_when_visible  avia-builder-el-10  avia-builder-el-no-sibling '  itemprop=\"image\" itemscope=\"itemscope\" itemtype=\"https:\/\/schema.org\/ImageObject\" ><a class='avia-gallery-big fakeLightbox lightbox avia-gallery-big-crop-thumb ' href='https:\/\/boligalarm.as\/wp-content\/uploads\/2020\/05\/nattsikringspanel3-min-1030x687.jpg'  data-onclick='1' title='' ><span class='avia-gallery-big-inner'  itemprop=\"thumbnailUrl\" >\t<img width='495' height='400' src='https:\/\/boligalarm.as\/wp-content\/uploads\/2020\/05\/nattsikringspanel3-min-495x400.jpg' title='nattsikringspanel3-min' alt='Nattsikringspanel fra sengen' \/><\/span><\/a><div class='avia-gallery-thumb'> <a href='https:\/\/boligalarm.as\/wp-content\/uploads\/2020\/05\/nattsikringspanel3-min-1030x687.jpg' data-rel='gallery-1' data-prev-img='https:\/\/boligalarm.as\/wp-content\/uploads\/2020\/05\/nattsikringspanel3-min-495x400.jpg' class='first_thumb lightbox ' data-onclick='1' title=''  itemprop=\"thumbnailUrl\" ><img  src='https:\/\/boligalarm.as\/wp-content\/uploads\/2020\/05\/nattsikringspanel3-min-495x400.jpg' width='495' height='400'  title='nattsikringspanel3-min' alt='Nattsikringspanel fra sengen' \/><\/a> <a href='https:\/\/boligalarm.as\/wp-content\/uploads\/2020\/05\/thumbnail_Yale-Doorman-V2.jpg' data-rel='gallery-1' data-prev-img='https:\/\/boligalarm.as\/wp-content\/uploads\/2020\/05\/thumbnail_Yale-Doorman-V2-495x400.jpg' class='lightbox ' data-onclick='2' title=''  itemprop=\"thumbnailUrl\" ><img  src='https:\/\/boligalarm.as\/wp-content\/uploads\/2020\/05\/thumbnail_Yale-Doorman-V2-495x400.jpg' width='495' height='400'  title='thumbnail_Yale Doorman V2' alt='Yale Doorman V2 Ulike farger' \/><\/a> <a href='https:\/\/boligalarm.as\/wp-content\/uploads\/2020\/05\/nattsikringspanel-dorklokke-min-1030x687.jpg' data-rel='gallery-1' data-prev-img='https:\/\/boligalarm.as\/wp-content\/uploads\/2020\/05\/nattsikringspanel-dorklokke-min-495x400.jpg' class='lightbox ' data-onclick='3' title=''  itemprop=\"thumbnailUrl\" ><img  src='https:\/\/boligalarm.as\/wp-content\/uploads\/2020\/05\/nattsikringspanel-dorklokke-min-495x400.jpg' width='495' height='400'  title='nattsikringspanel-dorklokke-min' alt='Nattsikringspamel d\u00f8rklokke' \/><\/a> <a href='https:\/\/boligalarm.as\/wp-content\/uploads\/2020\/06\/Alarmskilt-ny-type.jpg' data-rel='gallery-1' data-prev-img='https:\/\/boligalarm.as\/wp-content\/uploads\/2020\/06\/Alarmskilt-ny-type-495x400.jpg' class='lightbox ' data-onclick='4' title=''  itemprop=\"thumbnailUrl\" ><img  src='https:\/\/boligalarm.as\/wp-content\/uploads\/2020\/06\/Alarmskilt-ny-type-495x400.jpg' width='495' height='400'  title='Alarmskilt ny type' alt='Alarmskilt Verisure' \/><\/a> <a href='https:\/\/boligalarm.as\/wp-content\/uploads\/2020\/05\/thumbnail_Dir_14c_4_11_03919_RED-min-1030x686.jpg' data-rel='gallery-1' data-prev-img='https:\/\/boligalarm.as\/wp-content\/uploads\/2020\/05\/thumbnail_Dir_14c_4_11_03919_RED-min-495x400.jpg' class='lightbox ' data-onclick='5' title=''  itemprop=\"thumbnailUrl\" ><img  src='https:\/\/boligalarm.as\/wp-content\/uploads\/2020\/05\/thumbnail_Dir_14c_4_11_03919_RED-min-495x400.jpg' width='495' height='400'  title='thumbnail_Dir_14c_4_11_03919_RED-min' alt='Mont\u00f8r av boligalarm' \/><\/a> <a href='https:\/\/boligalarm.as\/wp-content\/uploads\/2020\/05\/vekter-funkis-blomster-min-1030x772.jpg' data-rel='gallery-1' data-prev-img='https:\/\/boligalarm.as\/wp-content\/uploads\/2020\/05\/vekter-funkis-blomster-min-495x400.jpg' class='first_thumb lightbox ' data-onclick='6' title=''  itemprop=\"thumbnailUrl\" ><img  src='https:\/\/boligalarm.as\/wp-content\/uploads\/2020\/05\/vekter-funkis-blomster-min-495x400.jpg' width='495' height='400'  title='vekter-funkis-blomster-min' alt='Vekter ved hus med blomster' \/><\/a> <a href='https:\/\/boligalarm.as\/wp-content\/uploads\/2020\/05\/thumbnail_Prospekt-bedrift.jpg' data-rel='gallery-1' data-prev-img='https:\/\/boligalarm.as\/wp-content\/uploads\/2020\/05\/thumbnail_Prospekt-bedrift.jpg' class='lightbox ' data-onclick='7' title=''  itemprop=\"thumbnailUrl\" ><img  src='https:\/\/boligalarm.as\/wp-content\/uploads\/2020\/05\/thumbnail_Prospekt-bedrift.jpg' width='380' height='255'  title='thumbnail_Prospekt bedrift' alt='Prospekt bedrift plassering av alarm og sensor' \/><\/a> <a href='https:\/\/boligalarm.as\/wp-content\/uploads\/2020\/05\/thumbnail_installator-alarmskilt-vegg-min-1030x295.jpg' data-rel='gallery-1' data-prev-img='https:\/\/boligalarm.as\/wp-content\/uploads\/2020\/05\/thumbnail_installator-alarmskilt-vegg-min-495x400.jpg' class='lightbox ' data-onclick='8' title=''  itemprop=\"thumbnailUrl\" ><img  src='https:\/\/boligalarm.as\/wp-content\/uploads\/2020\/05\/thumbnail_installator-alarmskilt-vegg-min-495x400.jpg' width='495' height='400'  title='thumbnail_installator-alarmskilt-vegg-min' alt='Installat\u00f8r monterer alarmskilt' \/><\/a><\/div><\/div><\/div><\/div><\/div><\/div><!-- close content main div --><\/div><\/div><div id='after_section_2'  class='main_color av_default_container_wrap container_wrap fullsize' style=' '  ><div class='container' ><div class='template-page content  av-content-full alpha units'><div class='post-entry post-entry-type-page post-entry-57'><div class='entry-content-wrapper clearfix'><div class=\"flex_column av_one_half  flex_column_div av-zero-column-padding first  avia-builder-el-11  el_after_av_section  el_before_av_one_half  avia-builder-el-first  \" style='border-radius:0px; '><p><div   class='hr hr-default   avia-builder-el-12  el_before_av_textblock  avia-builder-el-first '><span class='hr-inner ' ><span class='hr-inner-style'><\/span><\/span><\/div><br \/>\n<section class=\"av_textblock_section \"  itemscope=\"itemscope\" itemtype=\"https:\/\/schema.org\/CreativeWork\" ><div class='avia_textblock  '   itemprop=\"text\" ><h3>Tyverialarm i hjemmet<\/h3>\n<p>Alt som er viktig og kj\u00e6rt for oss oppbevarer vi i hjemmet. Derfor er det ogs\u00e5 viktig \u00e5 ta vare p\u00e5 og verne om hjemmet v\u00e5rt.<\/p>\n<p>Med boligalarm trygger du hjemmet ditt mot b\u00e5de innbrudd og brann. Sl\u00e5 alarmen av eller p\u00e5, styre belysning og andre elektriske apparater, bli varslet n\u00e5r barna kommer hjem fra skolen og lese av temperaturen-\/luftfuktigheten.<\/p>\n<p>Vi har alarmsystemer og innbruddsalarmer av ulike typer som s\u00f8rger for som s\u00f8rger for adgangskontroll i ditt hjem. Alarmene kan monteres p\u00e5 ulike steder, og bruker blant annet IR detektor (infrar\u00f8d detektor), d\u00f8ralarmer og kameraer for \u00e5 oppdage innbrudd. I tillegg f\u00e5r man et alarmklistremerke som opplyser om at huset er sikret mot tyveri og innbrudd.<\/p>\n<\/div><\/section><br \/>\n<div  class='avia-button-wrap avia-button-center  avia-builder-el-14  el_after_av_textblock  avia-builder-el-last ' ><a href='https:\/\/boligalarm.as\/index.php\/boligalarm\/'  class='avia-button   avia-icon_select-no avia-color-theme-color avia-size-small avia-position-center '   ><span class='avia_iconbox_title' >Les mer<\/span><\/a><\/div><\/p><\/div><\/p>\n<div class=\"flex_column av_one_half  flex_column_div av-zero-column-padding   avia-builder-el-15  el_after_av_one_half  el_before_av_section  avia-builder-el-last  \" style='border-radius:0px; '><p><div   class='hr hr-default   avia-builder-el-16  el_before_av_textblock  avia-builder-el-first '><span class='hr-inner ' ><span class='hr-inner-style'><\/span><\/span><\/div><br \/>\n<section class=\"av_textblock_section \"  itemscope=\"itemscope\" itemtype=\"https:\/\/schema.org\/CreativeWork\" ><div class='avia_textblock  '   itemprop=\"text\" ><h3>Bedriftsalarm<\/h3>\n<p>Boligalarm AS og Verisure har alarmanlegg tilpasset din bedrift med b\u00e5de innbrudds- og brannalarm samt personbeskyttelse. Vi beskytter bedriftens viktigste verdier og tar totalansvar fra alarm til tiltak.<\/p>\n<p>V\u00e5re alarmanlegg best\u00e5r av innbruddsalarmer, r\u00f8yk- og brannvarsling, rans- og overgrepsalarm eller oppgradering av eldre systemer. &nbsp;Vi tilbyr ogs\u00e5 IP videokamera for inne- og utend\u00f8rs kameraoverv\u00e5kning, samt kameraer med IR \/ infrar\u00f8d detektor som fanger opp bevegelse selv n\u00e5r det er helt m\u00f8rkt. Ta kontakt med oss for \u00e5 sikre din bedrift i dag.<\/p>\n<p>Systemet er overv\u00e5ket av Verisure AS\u2019 d\u00f8gnbemannede alarmstasjon og tjenester med spesialoppl\u00e6rte alarmoperat\u00f8rer.<\/p>\n<\/div><\/section><br \/>\n<div  class='avia-button-wrap avia-button-center  avia-builder-el-18  el_after_av_textblock  avia-builder-el-last ' ><a href='https:\/\/boligalarm.as\/index.php\/bedriftsalarm\/'  class='avia-button   avia-icon_select-no avia-color-theme-color avia-size-small avia-position-center '   ><span class='avia_iconbox_title' >Les mer<\/span><\/a><\/div><\/p><\/div>\n<\/div><\/div><\/div><!-- close content main div --><\/div><\/div><div id='av_section_3'  class='avia-section main_color avia-section-default avia-no-border-styling  avia-bg-style-scroll  avia-builder-el-19  el_after_av_one_half  el_before_av_one_half   container_wrap fullsize' style=' '  ><div class='container' ><div class='template-page content  av-content-full alpha units'><div class='post-entry post-entry-type-page post-entry-57'><div class='entry-content-wrapper clearfix'>\n<div class=\"flex_column av_one_full  flex_column_div av-zero-column-padding first  avia-builder-el-20  avia-builder-el-no-sibling  \" style='border-radius:0px; '><p><div  style='height:75px' class='hr hr-invisible   avia-builder-el-21  el_before_av_textblock  avia-builder-el-first '><span class='hr-inner ' ><span class='hr-inner-style'><\/span><\/span><\/div><br \/>\n<section class=\"av_textblock_section \"  itemscope=\"itemscope\" itemtype=\"https:\/\/schema.org\/CreativeWork\" ><div class='avia_textblock  '   itemprop=\"text\" ><h2 style=\"text-align: center;\">\u00d8nsker dere befaring?<\/h2>\n<\/div><\/section><br \/>\n<div  class='avia-button-wrap avia-button-center  avia-builder-el-23  el_after_av_textblock  avia-builder-el-last ' ><a href='https:\/\/boligalarm.as\/index.php\/bestill-befaring\/'  class='avia-button   avia-icon_select-no avia-color-theme-color avia-size-x-large avia-position-center '   ><span class='avia_iconbox_title' >Kontakt oss<\/span><\/a><\/div><\/p><\/div><\/div><\/div><\/div><!-- close content main div --><\/div><\/div><div id='after_section_3'  class='main_color av_default_container_wrap container_wrap fullsize' style=' '  ><div class='container' ><div class='template-page content  av-content-full alpha units'><div class='post-entry post-entry-type-page post-entry-57'><div class='entry-content-wrapper clearfix'><div class=\"flex_column av_one_half  flex_column_div av-zero-column-padding first  avia-builder-el-24  el_after_av_section  el_before_av_one_half  avia-builder-el-first  \" style='border-radius:0px; '><\/div><\/p>\n<div class=\"flex_column av_one_half  flex_column_div av-zero-column-padding   avia-builder-el-25  el_after_av_one_half  avia-builder-el-last  \" style='border-radius:0px; '><\/div>\n\n\n\n<p><\/p>\n","protected":false},"excerpt":{"rendered":"","protected":false},"author":1,"featured_media":0,"parent":0,"menu_order":0,"comment_status":"closed","ping_status":"closed","template":"","meta":[],"yoast_head":"<!-- This site is optimized with the Yoast SEO plugin v17.1 - https:\/\/yoast.com\/wordpress\/plugins\/seo\/ -->\n<title>Hjem - Boligalarm - Bedrifts- og boligalarm fra Verisure<\/title>\n<meta name=\"description\" content=\"Boligalarm AS er en offisiell franchisetaker til Verisure AS som leverer sikkerhetstjenester som boligalarm med smarte l\u00f8sninger for hjemmet og familien. Kontakt oss i dag!\" \/>\n<meta name=\"robots\" content=\"index, follow, max-snippet:-1, max-image-preview:large, max-video-preview:-1\" \/>\n<link rel=\"canonical\" href=\"https:\/\/boligalarm.as\/\" \/>\n<script type=\"application\/ld+json\" class=\"yoast-schema-graph\">{\"@context\":\"https:\/\/schema.org\",\"@graph\":[{\"@type\":\"Organization\",\"@id\":\"https:\/\/boligalarm.as\/#organization\",\"name\":\"Boligalarm AS\",\"url\":\"https:\/\/boligalarm.as\/\",\"sameAs\":[],\"logo\":{\"@type\":\"ImageObject\",\"@id\":\"https:\/\/boligalarm.as\/#logo\",\"inLanguage\":\"nb-NO\",\"url\":\"https:\/\/boligalarm.as\/wp-content\/uploads\/2020\/06\/boligalarm.png\",\"contentUrl\":\"https:\/\/boligalarm.as\/wp-content\/uploads\/2020\/06\/boligalarm.png\",\"width\":863,\"height\":132,\"caption\":\"Boligalarm AS\"},\"image\":{\"@id\":\"https:\/\/boligalarm.as\/#logo\"}},{\"@type\":\"WebSite\",\"@id\":\"https:\/\/boligalarm.as\/#website\",\"url\":\"https:\/\/boligalarm.as\/\",\"name\":\"Boligalarm\",\"description\":\"Bolig og bedriftsalarmanlegg fra Verisure\",\"publisher\":{\"@id\":\"https:\/\/boligalarm.as\/#organization\"},\"potentialAction\":[{\"@type\":\"SearchAction\",\"target\":{\"@type\":\"EntryPoint\",\"urlTemplate\":\"https:\/\/boligalarm.as\/?s={search_term_string}\"},\"query-input\":\"required name=search_term_string\"}],\"inLanguage\":\"nb-NO\"},{\"@type\":\"WebPage\",\"@id\":\"https:\/\/boligalarm.as\/#webpage\",\"url\":\"https:\/\/boligalarm.as\/\",\"name\":\"Hjem - Boligalarm - Bedrifts- og boligalarm fra Verisure\",\"isPartOf\":{\"@id\":\"https:\/\/boligalarm.as\/#website\"},\"datePublished\":\"2020-05-28T09:20:18+00:00\",\"dateModified\":\"2021-09-08T08:14:22+00:00\",\"description\":\"Boligalarm AS er en offisiell franchisetaker til Verisure AS som leverer sikkerhetstjenester som boligalarm med smarte l\\u00f8sninger for hjemmet og familien. Kontakt oss i dag!\",\"breadcrumb\":{\"@id\":\"https:\/\/boligalarm.as\/#breadcrumb\"},\"inLanguage\":\"nb-NO\",\"potentialAction\":[{\"@type\":\"ReadAction\",\"target\":[\"https:\/\/boligalarm.as\/\"]}]},{\"@type\":\"BreadcrumbList\",\"@id\":\"https:\/\/boligalarm.as\/#breadcrumb\",\"itemListElement\":[{\"@type\":\"ListItem\",\"position\":1,\"name\":\"Hjem\",\"item\":\"https:\/\/boligalarm.as\/\"},{\"@type\":\"ListItem\",\"position\":2,\"name\":\"Hjem\"}]}]}<\/script>\n<!-- \/ Yoast SEO plugin. -->","yoast_head_json":{"title":"Hjem - Boligalarm - Bedrifts- og boligalarm fra Verisure","description":"Boligalarm AS er en offisiell franchisetaker til Verisure AS som leverer sikkerhetstjenester som boligalarm med smarte l\u00f8sninger for hjemmet og familien. Kontakt oss i dag!","robots":{"index":"index","follow":"follow","max-snippet":"max-snippet:-1","max-image-preview":"max-image-preview:large","max-video-preview":"max-video-preview:-1"},"canonical":"https:\/\/boligalarm.as\/","schema":{"@context":"https:\/\/schema.org","@graph":[{"@type":"Organization","@id":"https:\/\/boligalarm.as\/#organization","name":"Boligalarm AS","url":"https:\/\/boligalarm.as\/","sameAs":[],"logo":{"@type":"ImageObject","@id":"https:\/\/boligalarm.as\/#logo","inLanguage":"nb-NO","url":"https:\/\/boligalarm.as\/wp-content\/uploads\/2020\/06\/boligalarm.png","contentUrl":"https:\/\/boligalarm.as\/wp-content\/uploads\/2020\/06\/boligalarm.png","width":863,"height":132,"caption":"Boligalarm AS"},"image":{"@id":"https:\/\/boligalarm.as\/#logo"}},{"@type":"WebSite","@id":"https:\/\/boligalarm.as\/#website","url":"https:\/\/boligalarm.as\/","name":"Boligalarm","description":"Bolig og bedriftsalarmanlegg fra Verisure","publisher":{"@id":"https:\/\/boligalarm.as\/#organization"},"potentialAction":[{"@type":"SearchAction","target":{"@type":"EntryPoint","urlTemplate":"https:\/\/boligalarm.as\/?s={search_term_string}"},"query-input":"required name=search_term_string"}],"inLanguage":"nb-NO"},{"@type":"WebPage","@id":"https:\/\/boligalarm.as\/#webpage","url":"https:\/\/boligalarm.as\/","name":"Hjem - Boligalarm - Bedrifts- og boligalarm fra Verisure","isPartOf":{"@id":"https:\/\/boligalarm.as\/#website"},"datePublished":"2020-05-28T09:20:18+00:00","dateModified":"2021-09-08T08:14:22+00:00","description":"Boligalarm AS er en offisiell franchisetaker til Verisure AS som leverer sikkerhetstjenester som boligalarm med smarte l\u00f8sninger for hjemmet og familien. Kontakt oss i dag!","breadcrumb":{"@id":"https:\/\/boligalarm.as\/#breadcrumb"},"inLanguage":"nb-NO","potentialAction":[{"@type":"ReadAction","target":["https:\/\/boligalarm.as\/"]}]},{"@type":"BreadcrumbList","@id":"https:\/\/boligalarm.as\/#breadcrumb","itemListElement":[{"@type":"ListItem","position":1,"name":"Hjem","item":"https:\/\/boligalarm.as\/"},{"@type":"ListItem","position":2,"name":"Hjem"}]}]}},"_links":{"self":[{"href":"https:\/\/boligalarm.as\/index.php\/wp-json\/wp\/v2\/pages\/57"}],"collection":[{"href":"https:\/\/boligalarm.as\/index.php\/wp-json\/wp\/v2\/pages"}],"about":[{"href":"https:\/\/boligalarm.as\/index.php\/wp-json\/wp\/v2\/types\/page"}],"author":[{"embeddable":true,"href":"https:\/\/boligalarm.as\/index.php\/wp-json\/wp\/v2\/users\/1"}],"replies":[{"embeddable":true,"href":"https:\/\/boligalarm.as\/index.php\/wp-json\/wp\/v2\/comments?post=57"}],"version-history":[{"count":13,"href":"https:\/\/boligalarm.as\/index.php\/wp-json\/wp\/v2\/pages\/57\/revisions"}],"predecessor-version":[{"id":258,"href":"https:\/\/boligalarm.as\/index.php\/wp-json\/wp\/v2\/pages\/57\/revisions\/258"}],"wp:attachment":[{"href":"https:\/\/boligalarm.as\/index.php\/wp-json\/wp\/v2\/media?parent=57"}],"curies":[{"name":"wp","href":"https:\/\/api.w.org\/{rel}","templated":true}]}}