{"id":185,"date":"2020-10-01T11:48:07","date_gmt":"2020-10-01T09:48:07","guid":{"rendered":"https:\/\/boligalarm.as\/?page_id=185"},"modified":"2021-05-18T11:39:13","modified_gmt":"2021-05-18T09:39:13","slug":"innvendig-videokamera","status":"publish","type":"page","link":"https:\/\/boligalarm.as\/index.php\/innvendig-videokamera\/","title":{"rendered":"Innvendig videokamera"},"content":{"rendered":"<div class=\"flex_column av_one_half  flex_column_div av-zero-column-padding first  avia-builder-el-0  el_before_av_one_half  avia-builder-el-first  \" style='border-radius:0px; '><div  class='avia-image-container  av-styling-    avia-builder-el-1  avia-builder-el-no-sibling  avia-align-center '  itemprop=\"image\" itemscope=\"itemscope\" itemtype=\"https:\/\/schema.org\/ImageObject\"  ><div class='avia-image-container-inner'><div class='avia-image-overlay-wrap'><img class='avia_image' src='https:\/\/boligalarm.as\/wp-content\/uploads\/2020\/10\/Alarmstasjon.jpg' alt='Brannalarm med varsling til brannsentral' title='Alarmstasjon' height=\"492\" width=\"625\"  itemprop=\"thumbnailUrl\"  \/><\/div><\/div><\/div><\/div>\n<div class=\"flex_column av_one_half  flex_column_div av-zero-column-padding   avia-builder-el-2  el_after_av_one_half  el_before_av_one_full  \" style='border-radius:0px; '><div  class='avia-image-container  av-styling-    avia-builder-el-3  avia-builder-el-no-sibling  avia-align-center '  itemprop=\"image\" itemscope=\"itemscope\" itemtype=\"https:\/\/schema.org\/ImageObject\"  ><div class='avia-image-container-inner'><div class='avia-image-overlay-wrap'><img class='avia_image' src='https:\/\/boligalarm.as\/wp-content\/uploads\/2020\/10\/Video-app.jpg' alt='Sjekk kameraet i hjemmet fra app' title='Video app' height=\"492\" width=\"625\"  itemprop=\"thumbnailUrl\"  \/><\/div><\/div><\/div><\/div>\n<div class=\"flex_column av_one_full  flex_column_div av-zero-column-padding first  avia-builder-el-4  el_after_av_one_half  el_before_av_one_half  column-top-margin\" style='border-radius:0px; '><section class=\"av_textblock_section \"  itemscope=\"itemscope\" itemtype=\"https:\/\/schema.org\/CreativeWork\" ><div class='avia_textblock  '   itemprop=\"text\" ><h1>Innvendig videokamera<\/h1>\n<p>GuardVision Innend\u00f8rs videokamera med bevegelsessensor filmer dersom det skjer noe. Med appen kan du enkelt skru av sensoren n\u00e5r du og din familie er hjemme, og se dersom det skjer noe n\u00e5r dere ikke er til stede.<\/p>\n<\/div><\/section><\/div><div class=\"flex_column av_one_half  flex_column_div av-zero-column-padding first  avia-builder-el-6  el_after_av_one_full  el_before_av_one_half  column-top-margin\" style='border-radius:0px; '><section class=\"av_textblock_section \"  itemscope=\"itemscope\" itemtype=\"https:\/\/schema.org\/CreativeWork\" ><div class='avia_textblock  av_inherit_color '  style='color:#b02b2c; '  itemprop=\"text\" ><h2 class=\"avia_sorthandle menu-item-handle ui-draggable-handle\"><span style=\"font-size: 28px; font-weight: 600;\">Innend\u00f8rs IP videokamera<\/span><\/h2>\n<div class=\"avia_inner_shortcode avia-edit-element\">\n<div class=\"avia_textblock avia_textblock_style\" data-update_with=\"content\">\n<ul>\n<li>Direkteoverf\u00f8rt video og opptak av hendelser<\/li>\n<li>Sylskarp HD kvalitet og IR nattsyn<\/li>\n<li>Sikker skylagring og 3 dagers historikk<\/li>\n<li>Tilknyttet d\u00f8gn\u00e5pen alarmstasjon<\/li>\n<li>Verisure f\u00e5r kun tilgang til video ved utl\u00f8st alarm<\/li>\n<li>Bevegelsesensor som styres via app<\/li>\n<li>Flyttbart eller fastmontert<\/li>\n<\/ul>\n<\/div>\n<\/div>\n<\/div><\/section><\/div><div class=\"flex_column av_one_half  flex_column_div av-zero-column-padding   avia-builder-el-8  el_after_av_one_half  avia-builder-el-last  column-top-margin\" style='border-radius:0px; '><div  class='avia-image-container  av-styling-    avia-builder-el-9  avia-builder-el-no-sibling  avia-align-center '  itemprop=\"image\" itemscope=\"itemscope\" itemtype=\"https:\/\/schema.org\/ImageObject\"  ><div class='avia-image-container-inner'><div class='avia-image-overlay-wrap'><img class='avia_image' src='https:\/\/boligalarm.as\/wp-content\/uploads\/2020\/10\/Outlook-y25wecfr.png' alt='Innvendig videokamera smal' title='Outlook-y25wecfr' height=\"240\" width=\"240\"  itemprop=\"thumbnailUrl\"  \/><\/div><\/div><\/div><\/div><\/p>\n\n\n\n<p><\/p>\n","protected":false},"excerpt":{"rendered":"","protected":false},"author":1,"featured_media":0,"parent":0,"menu_order":0,"comment_status":"closed","ping_status":"closed","template":"","meta":[],"yoast_head":"<!-- This site is optimized with the Yoast SEO plugin v17.1 - https:\/\/yoast.com\/wordpress\/plugins\/seo\/ -->\n<title>Innvendig videokamera \u2013 Overv\u00e5k hjemmet med videokamera \u2013 Boligalarm<\/title>\n<meta name=\"description\" content=\"Pass p\u00e5 eiendelene dine n\u00e5r du ikke er hjemme. Med et innend\u00f8rs IP videokamera fra Boligalarm kan du alltid se direkte i hjemmet, selv om du ikke er der. Velg Boligalarm\" \/>\n<meta name=\"robots\" content=\"index, follow, max-snippet:-1, max-image-preview:large, max-video-preview:-1\" \/>\n<link rel=\"canonical\" href=\"https:\/\/boligalarm.as\/index.php\/innvendig-videokamera\/\" \/>\n<script type=\"application\/ld+json\" class=\"yoast-schema-graph\">{\"@context\":\"https:\/\/schema.org\",\"@graph\":[{\"@type\":\"Organization\",\"@id\":\"https:\/\/boligalarm.as\/#organization\",\"name\":\"Boligalarm AS\",\"url\":\"https:\/\/boligalarm.as\/\",\"sameAs\":[],\"logo\":{\"@type\":\"ImageObject\",\"@id\":\"https:\/\/boligalarm.as\/#logo\",\"inLanguage\":\"nb-NO\",\"url\":\"https:\/\/boligalarm.as\/wp-content\/uploads\/2020\/06\/boligalarm.png\",\"contentUrl\":\"https:\/\/boligalarm.as\/wp-content\/uploads\/2020\/06\/boligalarm.png\",\"width\":863,\"height\":132,\"caption\":\"Boligalarm AS\"},\"image\":{\"@id\":\"https:\/\/boligalarm.as\/#logo\"}},{\"@type\":\"WebSite\",\"@id\":\"https:\/\/boligalarm.as\/#website\",\"url\":\"https:\/\/boligalarm.as\/\",\"name\":\"Boligalarm\",\"description\":\"Bolig og bedriftsalarmanlegg fra Verisure\",\"publisher\":{\"@id\":\"https:\/\/boligalarm.as\/#organization\"},\"potentialAction\":[{\"@type\":\"SearchAction\",\"target\":{\"@type\":\"EntryPoint\",\"urlTemplate\":\"https:\/\/boligalarm.as\/?s={search_term_string}\"},\"query-input\":\"required name=search_term_string\"}],\"inLanguage\":\"nb-NO\"},{\"@type\":\"WebPage\",\"@id\":\"https:\/\/boligalarm.as\/index.php\/innvendig-videokamera\/#webpage\",\"url\":\"https:\/\/boligalarm.as\/index.php\/innvendig-videokamera\/\",\"name\":\"Innvendig videokamera \\u2013 Overv\\u00e5k hjemmet med videokamera \\u2013 Boligalarm\",\"isPartOf\":{\"@id\":\"https:\/\/boligalarm.as\/#website\"},\"datePublished\":\"2020-10-01T09:48:07+00:00\",\"dateModified\":\"2021-05-18T09:39:13+00:00\",\"description\":\"Pass p\\u00e5 eiendelene dine n\\u00e5r du ikke er hjemme. Med et innend\\u00f8rs IP videokamera fra Boligalarm kan du alltid se direkte i hjemmet, selv om du ikke er der. Velg Boligalarm\",\"breadcrumb\":{\"@id\":\"https:\/\/boligalarm.as\/index.php\/innvendig-videokamera\/#breadcrumb\"},\"inLanguage\":\"nb-NO\",\"potentialAction\":[{\"@type\":\"ReadAction\",\"target\":[\"https:\/\/boligalarm.as\/index.php\/innvendig-videokamera\/\"]}]},{\"@type\":\"BreadcrumbList\",\"@id\":\"https:\/\/boligalarm.as\/index.php\/innvendig-videokamera\/#breadcrumb\",\"itemListElement\":[{\"@type\":\"ListItem\",\"position\":1,\"name\":\"Hjem\",\"item\":\"https:\/\/boligalarm.as\/\"},{\"@type\":\"ListItem\",\"position\":2,\"name\":\"Innvendig videokamera\"}]}]}<\/script>\n<!-- \/ Yoast SEO plugin. -->","yoast_head_json":{"title":"Innvendig videokamera \u2013 Overv\u00e5k hjemmet med videokamera \u2013 Boligalarm","description":"Pass p\u00e5 eiendelene dine n\u00e5r du ikke er hjemme. Med et innend\u00f8rs IP videokamera fra Boligalarm kan du alltid se direkte i hjemmet, selv om du ikke er der. Velg Boligalarm","robots":{"index":"index","follow":"follow","max-snippet":"max-snippet:-1","max-image-preview":"max-image-preview:large","max-video-preview":"max-video-preview:-1"},"canonical":"https:\/\/boligalarm.as\/index.php\/innvendig-videokamera\/","schema":{"@context":"https:\/\/schema.org","@graph":[{"@type":"Organization","@id":"https:\/\/boligalarm.as\/#organization","name":"Boligalarm AS","url":"https:\/\/boligalarm.as\/","sameAs":[],"logo":{"@type":"ImageObject","@id":"https:\/\/boligalarm.as\/#logo","inLanguage":"nb-NO","url":"https:\/\/boligalarm.as\/wp-content\/uploads\/2020\/06\/boligalarm.png","contentUrl":"https:\/\/boligalarm.as\/wp-content\/uploads\/2020\/06\/boligalarm.png","width":863,"height":132,"caption":"Boligalarm AS"},"image":{"@id":"https:\/\/boligalarm.as\/#logo"}},{"@type":"WebSite","@id":"https:\/\/boligalarm.as\/#website","url":"https:\/\/boligalarm.as\/","name":"Boligalarm","description":"Bolig og bedriftsalarmanlegg fra Verisure","publisher":{"@id":"https:\/\/boligalarm.as\/#organization"},"potentialAction":[{"@type":"SearchAction","target":{"@type":"EntryPoint","urlTemplate":"https:\/\/boligalarm.as\/?s={search_term_string}"},"query-input":"required name=search_term_string"}],"inLanguage":"nb-NO"},{"@type":"WebPage","@id":"https:\/\/boligalarm.as\/index.php\/innvendig-videokamera\/#webpage","url":"https:\/\/boligalarm.as\/index.php\/innvendig-videokamera\/","name":"Innvendig videokamera \u2013 Overv\u00e5k hjemmet med videokamera \u2013 Boligalarm","isPartOf":{"@id":"https:\/\/boligalarm.as\/#website"},"datePublished":"2020-10-01T09:48:07+00:00","dateModified":"2021-05-18T09:39:13+00:00","description":"Pass p\u00e5 eiendelene dine n\u00e5r du ikke er hjemme. Med et innend\u00f8rs IP videokamera fra Boligalarm kan du alltid se direkte i hjemmet, selv om du ikke er der. Velg Boligalarm","breadcrumb":{"@id":"https:\/\/boligalarm.as\/index.php\/innvendig-videokamera\/#breadcrumb"},"inLanguage":"nb-NO","potentialAction":[{"@type":"ReadAction","target":["https:\/\/boligalarm.as\/index.php\/innvendig-videokamera\/"]}]},{"@type":"BreadcrumbList","@id":"https:\/\/boligalarm.as\/index.php\/innvendig-videokamera\/#breadcrumb","itemListElement":[{"@type":"ListItem","position":1,"name":"Hjem","item":"https:\/\/boligalarm.as\/"},{"@type":"ListItem","position":2,"name":"Innvendig videokamera"}]}]}},"_links":{"self":[{"href":"https:\/\/boligalarm.as\/index.php\/wp-json\/wp\/v2\/pages\/185"}],"collection":[{"href":"https:\/\/boligalarm.as\/index.php\/wp-json\/wp\/v2\/pages"}],"about":[{"href":"https:\/\/boligalarm.as\/index.php\/wp-json\/wp\/v2\/types\/page"}],"author":[{"embeddable":true,"href":"https:\/\/boligalarm.as\/index.php\/wp-json\/wp\/v2\/users\/1"}],"replies":[{"embeddable":true,"href":"https:\/\/boligalarm.as\/index.php\/wp-json\/wp\/v2\/comments?post=185"}],"version-history":[{"count":5,"href":"https:\/\/boligalarm.as\/index.php\/wp-json\/wp\/v2\/pages\/185\/revisions"}],"predecessor-version":[{"id":241,"href":"https:\/\/boligalarm.as\/index.php\/wp-json\/wp\/v2\/pages\/185\/revisions\/241"}],"wp:attachment":[{"href":"https:\/\/boligalarm.as\/index.php\/wp-json\/wp\/v2\/media?parent=185"}],"curies":[{"name":"wp","href":"https:\/\/api.w.org\/{rel}","templated":true}]}}